{"id":4092,"date":"2016-09-30T10:03:02","date_gmt":"2016-09-30T03:03:02","guid":{"rendered":"https:\/\/easy-suites.com\/kapcsolat\/"},"modified":"2026-02-28T08:31:29","modified_gmt":"2026-02-28T08:31:29","slug":"contact","status":"publish","type":"page","link":"https:\/\/easy-suites.com\/en\/contact\/","title":{"rendered":"Contact"},"content":{"rendered":"<p>[vc_row][vc_column][vc_empty_space height=&#8221;50px&#8221;][\/vc_column][\/vc_row][vc_row][vc_column width=&#8221;1\/2&#8243;]\n\t<div class=\"thim-sc-heading  \" >\n\t\t<div class=\"article_heading \">\n\t\t\t<p class=\"heading_primary\"  >SEND US<\/p>\n\t\t\t<h3  class=\"heading_secondary\">A MESSAGE<\/h3>\n\t\t\t<div class=\"heading-des\">Is there anything you want to know?<br \/>\nPlease, do not hesitate to contact us for more information..<\/div> \n\t\t\t\n\t\t<\/div>\n\t<\/div>[vc_empty_space height=&#8221;60px&#8221;][vc_column_text css=&#8221;.vc_custom_1551966575280{padding-top: 60px !important;padding-right: 60px !important;padding-bottom: 40px !important;padding-left: 60px !important;background-color: #f9f9f9 !important;}&#8221; el_class=&#8221;contact-column&#8221;]<div role=\"form\" class=\"wpcf7\" id=\"wpcf7-f4211-o1\" lang=\"hu-HU\" dir=\"ltr\">\n<div class=\"screen-reader-response\"><p role=\"status\" aria-live=\"polite\" aria-atomic=\"true\"><\/p> <ul><\/ul><\/div>\n<form action=\"\/en\/wp-json\/wp\/v2\/pages\/4092#wpcf7-f4211-o1\" method=\"post\" class=\"wpcf7-form init\" novalidate=\"novalidate\" data-status=\"init\">\n<div style=\"display: none;\">\n<input type=\"hidden\" name=\"_wpcf7\" value=\"4211\" \/>\n<input type=\"hidden\" name=\"_wpcf7_version\" value=\"5.4.2\" \/>\n<input type=\"hidden\" name=\"_wpcf7_locale\" value=\"hu_HU\" \/>\n<input type=\"hidden\" name=\"_wpcf7_unit_tag\" value=\"wpcf7-f4211-o1\" \/>\n<input type=\"hidden\" name=\"_wpcf7_container_post\" value=\"0\" \/>\n<input type=\"hidden\" name=\"_wpcf7_posted_data_hash\" value=\"\" \/>\n<input type=\"hidden\" name=\"_wpcf7_recaptcha_response\" value=\"\" \/>\n<\/div>\n<p>Name *<br \/>\n    <span class=\"wpcf7-form-control-wrap your-name\"><input type=\"text\" name=\"your-name\" value=\"\" size=\"40\" class=\"wpcf7-form-control wpcf7-text wpcf7-validates-as-required\" aria-required=\"true\" aria-invalid=\"false\" \/><\/span> <\/p>\n<p>Email *<br \/>\n    <span class=\"wpcf7-form-control-wrap your-email\"><input type=\"email\" name=\"your-email\" value=\"\" size=\"40\" class=\"wpcf7-form-control wpcf7-text wpcf7-email wpcf7-validates-as-required wpcf7-validates-as-email\" aria-required=\"true\" aria-invalid=\"false\" \/><\/span> <\/p>\n<p>Subject<br \/>\n    <span class=\"wpcf7-form-control-wrap your-subject\"><input type=\"text\" name=\"your-subject\" value=\"\" size=\"40\" class=\"wpcf7-form-control wpcf7-text wpcf7-validates-as-required\" aria-required=\"true\" aria-invalid=\"false\" \/><\/span> <\/p>\n<p>Message<br \/>\n    <span class=\"wpcf7-form-control-wrap your-message\"><textarea name=\"your-message\" cols=\"40\" rows=\"10\" class=\"wpcf7-form-control wpcf7-textarea\" aria-invalid=\"false\"><\/textarea><\/span> <\/p>\n<p class=\"elfogadas\"><span class=\"wpcf7-form-control-wrap acceptance-4\"><span class=\"wpcf7-form-control wpcf7-acceptance\"><span class=\"wpcf7-list-item\"><label><input type=\"checkbox\" name=\"acceptance-4\" value=\"1\" aria-invalid=\"false\" \/><span class=\"wpcf7-list-item-label\">I have read and agree the<\/span><\/label><\/span><\/span><\/span><a class=\"adatlink\" href=\"\/privacy\"> privacy policy. <\/a><\/p>\n<p><input type=\"submit\" value=\"Send\" class=\"wpcf7-form-control wpcf7-submit\" \/><\/p>\n<p style=\"display: none !important;\" class=\"akismet-fields-container\" data-prefix=\"_wpcf7_ak_\"><label>&#916;<textarea name=\"_wpcf7_ak_hp_textarea\" cols=\"45\" rows=\"8\" maxlength=\"100\"><\/textarea><\/label><input type=\"hidden\" id=\"ak_js_1\" name=\"_wpcf7_ak_js\" value=\"241\"\/><script>document.getElementById( \"ak_js_1\" ).setAttribute( \"value\", ( new Date() ).getTime() );<\/script><\/p><div class=\"wpcf7-response-output\" aria-hidden=\"true\"><\/div><\/form><\/div>[\/vc_column_text][\/vc_column][vc_column width=&#8221;1\/2&#8243; css=&#8221;.vc_custom_1475217786520{padding-left: 60px !important;}&#8221;]\n\t<div class=\"thim-sc-heading  \" >\n\t\t<div class=\"article_heading \">\n\t\t\t<p class=\"heading_primary\"  >CONTACT US<\/p>\n\t\t\t\n\t\t\t \n\t\t\t\n\t\t<\/div>\n\t<\/div>[vc_column_text]<\/p>\n<div class=\"contact-address\">\n<div><\/div>\n<p>&nbsp;<\/p>\n<h3><span style=\"font-family: arial, helvetica, sans-serif;\"><span style=\"font-family: georgia, palatino, serif;\">Tel.:<\/span><a href=\"tel:+36 70 363 0027\"> +36 70 375 6228<\/a><\/span><\/h3>\n<div class=\"contact-phone\">\n<p><strong>E-mail:<a href=\"mailto:info@easy-suites.com\"> info@easy-suites.com<\/a><\/strong><\/p>\n<\/div>\n<div><\/div>\n<div class=\"contact-phone\">\n<div class=\"contact-address\">Adress:<\/div>\n<div class=\"contact-address\">8380 H\u00e9v\u00edz<\/div>\n<div class=\"contact-address\">Dr. Strecker Ott\u00f3 k\u00f6z 1.<\/div>\n<\/div>\n<\/div>\n<p>[\/vc_column_text]<ul class=\"thim-sc-social-link style-03\" ><li><a target=\"_blank\" class=\"face\" href=\"https:\/\/www.facebook.com\/pg\/easysuitesheviz\/\" title=\"Facebook\"><i class=\"fa fa-facebook\"><\/i><\/a><\/li><li><a target=\"_blank\" class=\"instagram\" href=\"https:\/\/www.instagram.com\/easysuites\/\"  title=\"Instagram\"><i class=\"fa fa-instagram\"><\/i><\/a><\/li><\/ul>[vc_empty_space][vc_single_image image=&#8221;4539&#8243; img_size=&#8221;large&#8221;][\/vc_column][\/vc_row][vc_row full_width=&#8221;stretch_row_content_no_spaces&#8221;][vc_column][vc_empty_space height=&#8221;65px&#8221;][\/vc_column][\/vc_row][vc_row css=&#8221;.vc_custom_1565184058160{margin-bottom: 0px !important;border-top-width: 10px !important;border-bottom-width: 0px !important;padding-bottom: 0px !important;}&#8221;][vc_column][vc_raw_html]JTNDaWZyYW1lJTIwc3JjJTNEJTIyaHR0cHMlM0ElMkYlMkZ3d3cuZ29vZ2xlLmNvbSUyRm1hcHMlMkZlbWJlZCUzRnBiJTNEJTIxMW0xOCUyMTFtMTIlMjExbTMlMjExZDY4Mi44NjkxNzE0NjYzNjg5JTIxMmQxNy4xODk3Njg0MTYyODgyNzQlMjEzZDQ2Ljc5NDkxNTI1MzY5OTk4JTIxMm0zJTIxMWYwJTIxMmYwJTIxM2YwJTIxM20yJTIxMWkxMDI0JTIxMmk3NjglMjE0ZjEzLjElMjEzbTMlMjExbTIlMjExczB4NDc2OTFkMTlmMzQ5MzAwNyUyNTNBMHhiMmUwZDQ4NzE0N2FmYmQlMjEyelJXRnplU0JUZFdsMFpYTWdTTU9wZHNPdGVnJTIxNWUwJTIxM20yJTIxMXNodSUyMTJzaHUlMjE0djE1NjUxODM5MzM5ODYlMjE1bTIlMjExc2h1JTIxMnNodSUyMiUyMHdpZHRoJTNEJTIyMTAwJTI1JTIyJTIwaGVpZ2h0JTNEJTIyNDUwJTIyJTIwZnJhbWVib3JkZXIlM0QlMjIwJTIyJTIwc3R5bGUlM0QlMjJib3JkZXIlM0EwJTIyJTIwYWxsb3dmdWxsc2NyZWVuJTNFJTNDJTJGaWZyYW1lJTNF[\/vc_raw_html][\/vc_column][\/vc_row]<\/p>\n","protected":false},"excerpt":{"rendered":"<p>[vc_row][vc_column][vc_empty_space height=&#8221;50px&#8221;][\/vc_column][\/vc_row][vc_row][vc_column width=&#8221;1\/2&#8243;][vc_empty_space height=&#8221;60px&#8221;][vc_column_text css=&#8221;.vc_custom_1551966575280{padding-top: 60px !important;padding-right: 60px !important;padding-bottom: 40px !important;padding-left: 60px !important;background-color: #f9f9f9 !important;}&#8221; el_class=&#8221;contact-column&#8221;][\/vc_column_text][\/vc_column][vc_column width=&#8221;1\/2&#8243; css=&#8221;.vc_custom_1475217786520{padding-left: 60px !important;}&#8221;][vc_column_text] &nbsp; Tel.: +36 70 375 6228 E-mail: info@easy-suites.com Adress: 8380 H\u00e9v\u00edz Dr. Strecker Ott\u00f3 k\u00f6z 1. [\/vc_column_text][vc_empty_space][vc_single_image image=&#8221;4539&#8243; img_size=&#8221;large&#8221;][\/vc_column][\/vc_row][vc_row full_width=&#8221;stretch_row_content_no_spaces&#8221;][vc_column][vc_empty_space height=&#8221;65px&#8221;][\/vc_column][\/vc_row][vc_row css=&#8221;.vc_custom_1565184058160{margin-bottom: 0px !important;border-top-width: 10px !important;border-bottom-width: 0px !important;padding-bottom: 0px !important;}&#8221;][vc_column][vc_raw_html]JTNDaWZyYW1lJTIwc3JjJTNEJTIyaHR0cHMlM0ElMkYlMkZ3d3cuZ29vZ2xlLmNvbSUyRm1hcHMlMkZlbWJlZCUzRnBiJTNEJTIxMW0xOCUyMTFtMTIlMjExbTMlMjExZDY4Mi44NjkxNzE0NjYzNjg5JTIxMmQxNy4xODk3Njg0MTYyODgyNzQlMjEzZDQ2Ljc5NDkxNTI1MzY5OTk4JTIxMm0zJTIxMWYwJTIxMmYwJTIxM2YwJTIxM20yJTIxMWkxMDI0JTIxMmk3NjglMjE0ZjEzLjElMjEzbTMlMjExbTIlMjExczB4NDc2OTFkMTlmMzQ5MzAwNyUyNTNBMHhiMmUwZDQ4NzE0N2FmYmQlMjEyelJXRnplU0JUZFdsMFpYTWdTTU9wZHNPdGVnJTIxNWUwJTIxM20yJTIxMXNodSUyMTJzaHUlMjE0djE1NjUxODM5MzM5ODYlMjE1bTIlMjExc2h1JTIxMnNodSUyMiUyMHdpZHRoJTNEJTIyMTAwJTI1JTIyJTIwaGVpZ2h0JTNEJTIyNDUwJTIyJTIwZnJhbWVib3JkZXIlM0QlMjIwJTIyJTIwc3R5bGUlM0QlMjJib3JkZXIlM0EwJTIyJTIwYWxsb3dmdWxsc2NyZWVuJTNFJTNDJTJGaWZyYW1lJTNF[\/vc_raw_html][\/vc_column][\/vc_row]<\/p>\n","protected":false},"author":45,"featured_media":0,"parent":0,"menu_order":0,"comment_status":"closed","ping_status":"closed","template":"","meta":{"pgc_sgb_lightbox_settings":""},"_links":{"self":[{"href":"https:\/\/easy-suites.com\/en\/wp-json\/wp\/v2\/pages\/4092"}],"collection":[{"href":"https:\/\/easy-suites.com\/en\/wp-json\/wp\/v2\/pages"}],"about":[{"href":"https:\/\/easy-suites.com\/en\/wp-json\/wp\/v2\/types\/page"}],"author":[{"embeddable":true,"href":"https:\/\/easy-suites.com\/en\/wp-json\/wp\/v2\/users\/45"}],"replies":[{"embeddable":true,"href":"https:\/\/easy-suites.com\/en\/wp-json\/wp\/v2\/comments?post=4092"}],"version-history":[{"count":1,"href":"https:\/\/easy-suites.com\/en\/wp-json\/wp\/v2\/pages\/4092\/revisions"}],"predecessor-version":[{"id":7372,"href":"https:\/\/easy-suites.com\/en\/wp-json\/wp\/v2\/pages\/4092\/revisions\/7372"}],"wp:attachment":[{"href":"https:\/\/easy-suites.com\/en\/wp-json\/wp\/v2\/media?parent=4092"}],"curies":[{"name":"wp","href":"https:\/\/api.w.org\/{rel}","templated":true}]}}