{"id":4696,"date":"2019-08-12T07:02:59","date_gmt":"2019-08-12T07:02:59","guid":{"rendered":"https:\/\/easy-suites.com\/?page_id=4696"},"modified":"2026-02-28T08:39:55","modified_gmt":"2026-02-28T08:39:55","slug":"information","status":"publish","type":"page","link":"https:\/\/easy-suites.com\/en\/information\/","title":{"rendered":"INFORMATION"},"content":{"rendered":"<p>[vc_row][vc_column][vc_column_text]<\/p>\n<h2 style=\"text-align: center;\">Dear Guests!<\/h2>\n<p style=\"text-align: center;\"><em>The Management and the staff welcome You to <\/em><em>Easy Suites H\u00e9v\u00edz!<\/em><\/p>\n<p style=\"text-align: center;\"><em>The Panzi\u00f3 <\/em><em>\u00a0<\/em><em>offers a selection of facilities and services which are detailed in the booklet.<\/em><\/p>\n<p style=\"text-align: center;\"><em>We are eagerly await to serve and provide You with a truly memorable stay in our modern and comfortable Panzi\u00f3!<\/em><\/p>\n<p>[\/vc_column_text][\/vc_column][\/vc_row][vc_row][vc_column][vc_empty_space][vc_column_text]<strong>Breakfast: <\/strong>from 08:00 a.m. till 10: 00<\/p>\n<p><strong>Check-in: <\/strong>from 2 p.m.<\/p>\n<p><strong>Check-out: <\/strong>till 10 a.m. If you would like to stay longer, please ask at the reception.<\/p>\n<p><strong>Compensation:<\/strong> in case of causing any damages we kindly ask you to pay the compensation at the reception (bedspread, bedclothes, curtain, television or any other damages).<\/p>\n<p><strong>Conference: <\/strong>our meeting room offers place up to 50 persons.<\/p>\n<p><strong>Copy, Print: <\/strong>available at the reception<\/p>\n<p><strong>Electric current: <\/strong>\u00a0220V<\/p>\n<p><strong>Fire extinguisher:<\/strong>\u00a0 you can find it on every floor.<\/p>\n<p><strong>First aid:<\/strong> available at the reception.<\/p>\n<p><strong>Parking place: <\/strong>in front of the fotel for free<\/p>\n<p><strong>Wifi: <\/strong>Availlable in the building for free, no password<\/p>\n<p><strong>Medical help: <\/strong>please contact the reception.<\/p>\n<p><strong>Night duty: You can reach contact person via phone + 36 70 375 6228<\/strong><\/p>\n<p><strong>Pillows and covers<\/strong>: for an extra one please ask the reception.<\/p>\n<p><strong>Reception: <\/strong>from 8 a.m. till 4 p.m.\u00a0 Can be changed. Please do not hesitate to come to us if you have any questions or concerns. We are always happy to help!<\/p>\n<p><strong>Video protection<\/strong><strong>: <\/strong>inside and outside the building.[\/vc_column_text][\/vc_column][\/vc_row]<\/p>\n","protected":false},"excerpt":{"rendered":"<p>[vc_row][vc_column][vc_column_text] Dear Guests! The Management and the staff welcome You to Easy Suites H\u00e9v\u00edz! The Panzi\u00f3 \u00a0offers a selection of facilities and services which are detailed in the booklet. We are eagerly await to serve and provide You with a truly memorable stay in our modern and comfortable Panzi\u00f3! [\/vc_column_text][\/vc_column][\/vc_row][vc_row][vc_column][vc_empty_space][vc_column_text]Breakfast:&#8230;<\/p>\n","protected":false},"author":45,"featured_media":0,"parent":0,"menu_order":0,"comment_status":"closed","ping_status":"closed","template":"","meta":{"pgc_sgb_lightbox_settings":""},"_links":{"self":[{"href":"https:\/\/easy-suites.com\/en\/wp-json\/wp\/v2\/pages\/4696"}],"collection":[{"href":"https:\/\/easy-suites.com\/en\/wp-json\/wp\/v2\/pages"}],"about":[{"href":"https:\/\/easy-suites.com\/en\/wp-json\/wp\/v2\/types\/page"}],"author":[{"embeddable":true,"href":"https:\/\/easy-suites.com\/en\/wp-json\/wp\/v2\/users\/45"}],"replies":[{"embeddable":true,"href":"https:\/\/easy-suites.com\/en\/wp-json\/wp\/v2\/comments?post=4696"}],"version-history":[{"count":4,"href":"https:\/\/easy-suites.com\/en\/wp-json\/wp\/v2\/pages\/4696\/revisions"}],"predecessor-version":[{"id":7376,"href":"https:\/\/easy-suites.com\/en\/wp-json\/wp\/v2\/pages\/4696\/revisions\/7376"}],"wp:attachment":[{"href":"https:\/\/easy-suites.com\/en\/wp-json\/wp\/v2\/media?parent=4696"}],"curies":[{"name":"wp","href":"https:\/\/api.w.org\/{rel}","templated":true}]}}