{"id":4962,"date":"2019-09-19T10:07:48","date_gmt":"2019-09-19T10:07:48","guid":{"rendered":"https:\/\/easy-suites.com\/?page_id=4962"},"modified":"2023-07-03T07:11:45","modified_gmt":"2023-07-03T07:11:45","slug":"heviz-szallas","status":"publish","type":"page","link":"https:\/\/easy-suites.com\/en\/heviz-szallas\/","title":{"rendered":"H\u00e9v\u00edz sz\u00e1ll\u00e1s"},"content":{"rendered":"<p>[vc_row full_width=&#8221;stretch_row_content_no_spaces&#8221;][vc_column][vc_single_image image=&#8221;5012&#8243; img_size=&#8221;full&#8221;]<div class=\"thim-sc-hb-rooms-search  easy-szallas-foglalas \">\n<div id=\"hotel-booking-search-69e597553a4eb\" class=\"hotel-booking-search layout-default\">\n\t<form name=\"hb-search-form\" action=\"https:\/\/easy-suites.com\/en\/hotel-booking-search\/\" class=\"hb-search-form-69e597553a4ea\">\n\t\t<ul class=\"hb-form-table\">\n\t\t\t<li class=\"hb-form-field\">\n\t\t\t\t\t\t\t\t<div class=\"hb-form-field-input hb_input_field\">\n\t\t\t\t\t<input type=\"text\" name=\"check_in_date\" id=\"check_in_date_69e597553a4ea\" class=\"hb_input_date_check\" value=\"\" placeholder=\"Check in\" readonly \/>\n\t\t\t\t<\/div>\n\t\t\t<\/li>\n\n\t\t\t<li class=\"hb-form-field\">\n\t\t\t\t\t\t\t\t<div class=\"hb-form-field-input hb_input_field\">\n\t\t\t\t\t<input type=\"text\" name=\"check_out_date\" id=\"check_out_date_69e597553a4ea\" class=\"hb_input_date_check\" value=\"\" placeholder=\"Check out\" readonly \/>\n\t\t\t\t<\/div>\n\t\t\t<\/li>\n\n\t\t\t<li class=\"hb-form-field\">\n\t\t\t\t\t\t\t\t<div class=\"hb-form-field-input\">\n\t\t\t\t\t<select name=\"adults_capacity\" ><option value=\"0\">How many guests in a room?<\/option><option value=\"1\">1<\/option><option value=\"2\">2<\/option><option value=\"3\">3<\/option><option value=\"4\">4<\/option><option value=\"5\">5<\/option><\/select>\t\t\t\t<\/div>\n\t\t\t<\/li>\n\t\t<\/ul>\n\t\t<input type=\"hidden\" id=\"nonce\" name=\"nonce\" value=\"2b388aeba4\" \/><input type=\"hidden\" name=\"_wp_http_referer\" value=\"\/en\/wp-json\/wp\/v2\/pages\/4962\" \/>\t\t<input type=\"hidden\" name=\"hotel-booking\" value=\"results\" \/>\n\t\t<input type=\"hidden\" name=\"widget-search\"\n\t\t       value=\"\"\/>\n\t\t<input type=\"hidden\" name=\"action\" value=\"hotel_booking_parse_search_params\" \/>\n\t\t<p class=\"hb-submit\">\n\t\t\t<button type=\"submit\">Check Availability<\/button>\n\t\t<\/p>\n\t<\/form>\n<\/div><\/div>[\/vc_column][\/vc_row][vc_row][vc_column][vc_empty_space height=&#8221;95px&#8221;]\n\t<div class=\"thim-sc-heading  \" >\n\t\t<div class=\"article_heading \">\n\t\t\t<p class=\"heading_primary\"  >MEGNYITOTTUK \u00daJ H\u00c9V\u00cdZI SZ\u00c1LL\u00c1SHELY\u00dcNKET<\/p>\n\t\t\t<h3  class=\"heading_secondary\">H\u00c9V\u00cdZI SZ\u00c1LL\u00c1S - BEVEZET\u0150 \u00c1RAK<\/h3>\n\t\t\t \n\t\t\t\n\t\t<\/div>\n\t<\/div>[vc_empty_space height=&#8221;20px&#8221;][\/vc_column][\/vc_row][vc_row][vc_column][vc_column_text el_class=&#8221;line-height-normal&#8221;]<span style=\"font-size: 14pt;\">H\u00e9v\u00edzen rengeteg sz\u00e1ll\u00e1shely v\u00e1rja a l\u00e1togat\u00f3kat \u00e9s b\u00fcszk\u00e9n tehetj\u00fck k\u00f6zz\u00e9, hogy most m\u00e1r az Easy Suites H\u00e9v\u00edz is az \u00d6n\u00f6k rendelkez\u00e9s\u00e9re \u00e1ll, kedves vend\u00e9geink. Szeretettel v\u00e1rjuk \u00d6n\u00f6ket \u00faj, modern, komfortos h\u00e9v\u00edzi sz\u00e1ll\u00e1shely\u00fcnk\u00f6n, ahol min\u0151s\u00e9gi szolg\u00e1ltat\u00e1sokkal tessz\u00fck teljess\u00e9 az \u00d6n\u00f6k pihen\u00e9s\u00e9t.<\/span><\/p>\n<p><span style=\"font-size: 14pt;\">A mi<strong> h\u00e9v\u00edzi sz\u00e1ll\u00e1shely\u00fcnk csal\u00e1dias hangulat\u00fa<\/strong>, a mind\u00f6ssze 13 komfortos, t\u00e1gas szob\u00e1j\u00e1val. Vend\u00e9geinknek b\u0151s\u00e9ges <strong>sv\u00e9dasztalos reggelit k\u00edn\u00e1lunk<\/strong>.<\/span><\/p>\n<p><span style=\"font-size: 14pt;\">Eg\u00e9szs\u00e9g\u00e9nek meg\u0151rz\u00e9se bizony\u00e1ra fontos \u00d6nnek, ha H\u00e9v\u00edzre j\u00f6n pihenni, ez\u00e9rt sz\u00e1ll\u00e1shely\u00fcnk\u00f6n <strong>finn szauna \u00e9s egy kis konditerem<\/strong> haszn\u00e1lat\u00e1t is biztos\u00edtjuk \u00d6nnek.<\/span><\/p>\n<p><span style=\"font-size: 14pt;\">Tudjuk, hogy ma m\u00e1r az internet el\u00e9rhet\u0151s\u00e9ge n\u00e9lk\u00fcl\u00f6zhetetlen, ez\u00e9rt a sz\u00e1ll\u00e1shely ter\u00fclet\u00e9n b\u00e1rhol t\u00e9r\u00edt\u00e9smentesen r\u00e1kapcsol\u00f3dhatnak a <strong>WIFI<\/strong> h\u00e1l\u00f3zatra.<\/span><\/p>\n<p><span style=\"font-size: 14pt;\">Ha \u00d6n elker\u00fcln\u00e9 a nagy, ny\u00fczsg\u0151 sz\u00e1ll\u00e1shelyeket \u00e9s ink\u00e1bb meghitt, otthonos hangulat\u00fa, de m\u00e9gis eleg\u00e1ns \u00e9s st\u00edlusos h\u00e9v\u00edzi sz\u00e1ll\u00e1st v\u00e1lasztana, akkor aj\u00e1nljuk figyelm\u00e9be \u00fajonnan nyitott sz\u00e1ll\u00e1shely\u00fcnket. Az Easy Suites H\u00e9v\u00edz egy csendes, z\u00f6ld\u00f6vezeti utc\u00e1ban tal\u00e1lhat\u00f3, mind\u00f6ssze 15 percnyi s\u00e9t\u00e1ra a H\u00e9v\u00edzi-t\u00f3t\u00f3l.<\/span>[\/vc_column_text][\/vc_column][\/vc_row][vc_row images=&#8221;4799,4498,4526,4822,4812,4500,4504,4536,4502,4534,4528,4532,4510,4819,4817&#8243; img_size=&#8221;full&#8221; onclick=&#8221;link_no&#8221; custom_links_target=&#8221;_self&#8221; mode=&#8221;horizontal&#8221; speed=&#8221;5000&#8243; slides_per_view=&#8221;2&#8243; autoplay=&#8221;&#8221; hide_pagination_control=&#8221;yes&#8221; hide_prev_next_buttons=&#8221;&#8221; partial_view=&#8221;&#8221; wrap=&#8221;yes&#8221; title=&#8221;&#8221; custom_links=&#8221;&#8221;][vc_column][vc_images_carousel images=&#8221;4799,4500,4534,4502,4504,4532,4526,4498,4510,4528,4819,4817&#8243; img_size=&#8221;full&#8221; onclick=&#8221;link_no&#8221; slides_per_view=&#8221;2&#8243; hide_pagination_control=&#8221;yes&#8221; wrap=&#8221;yes&#8221;][\/vc_column][\/vc_row][vc_row][vc_column][vc_column_text el_class=&#8221;line-height-normal&#8221;]<span style=\"font-size: 14pt;\">A sok h\u00e9v\u00edzi sz\u00e1ll\u00e1shely k\u00f6z\u00fcl bizony\u00e1ra neh\u00e9z megtal\u00e1lnia azt, ami igaz\u00e1n megfelel\u0151 \u00d6nnek. Hogy d\u00f6nt\u00e9s\u00e9t megk\u00f6nny\u00edts\u00fck, \u00f6sszeszedt\u00fck azokat a pontokat, amelyek a mi h\u00e9v\u00edzi sz\u00e1ll\u00e1shely\u00fcnk mellett sz\u00f3lnak.<\/span>[\/vc_column_text][\/vc_column][\/vc_row][vc_row css=&#8221;.vc_custom_1475035597783{padding-top: 60px !important;}&#8221;][vc_column]\n\t<div class=\"thim-sc-heading  \" >\n\t\t<div class=\"article_heading \">\n\t\t\t<p class=\"heading_primary\"  >EZ\u00c9RT V\u00c1LASSZA<\/p>\n\t\t\t<h3  class=\"heading_secondary\">A MI SZ\u00c1LL\u00c1SHELY\u00dcNKET<\/h3>\n\t\t\t \n\t\t\t\n\t\t<\/div>\n\t<\/div>[vc_row_inner][vc_column_inner width=&#8221;1\/3&#8243;][vc_column_text]<\/p>\n<ul class=\"thim-list\" style=\"font-size: 20px; line-height: 27px; font-weight: 400;\">\n<li><i class=\"fa fa-check thim-primary-color\"><\/i>Bevezet\u0151 \u00e1rak<\/li>\n<li><i class=\"fa fa-check thim-primary-color\"><\/i>Csal\u00e1dias hangulat, otthonos l\u00e9gk\u00f6r<\/li>\n<li><i class=\"fa fa-check thim-primary-color\"><\/i>Csendes, z\u00f6ld\u00f6vezeti r\u00e9szen<\/li>\n<li><i class=\"fa fa-check thim-primary-color\"><\/i>Bar\u00e1ts\u00e1gos szem\u00e9lyzet<\/li>\n<\/ul>\n<p>[\/vc_column_text][\/vc_column_inner][vc_column_inner width=&#8221;1\/3&#8243;][vc_column_text]<\/p>\n<ul class=\"thim-list\" style=\"font-size: 20px; line-height: 27px; font-weight: 400;\">\n<li><i class=\"fa fa-check thim-primary-color\"><\/i>\u00daj, modern \u00e9p\u00fclet<\/li>\n<li><i class=\"fa fa-check thim-primary-color\"><\/i>Eleg\u00e1ns \u00e9s st\u00edlusos kialak\u00edt\u00e1s<\/li>\n<li><i class=\"fa fa-check thim-primary-color\"><\/i>Ingyenes saj\u00e1t parkol\u00f3<\/li>\n<li><i class=\"fa fa-check thim-primary-color\"><\/i>T\u00e1gas, komfortos szob\u00e1k erk\u00e9llyel<\/li>\n<\/ul>\n<p>[\/vc_column_text][\/vc_column_inner][vc_column_inner width=&#8221;1\/3&#8243;][vc_column_text]<\/p>\n<ul class=\"thim-list\" style=\"font-size: 20px; line-height: 27px; font-weight: 400;\">\n<li><i class=\"fa fa-check thim-primary-color\"><\/i>B\u0151s\u00e9ges sv\u00e9dasztalos reggeli<\/li>\n<li><i class=\"fa fa-check thim-primary-color\"><\/i>Konditerem \u00e9s szauna<\/li>\n<li><i class=\"fa fa-check thim-primary-color\"><\/i>15 percnyi s\u00e9ta a H\u00e9v\u00edzi-t\u00f3t\u00f3l<\/li>\n<li><i class=\"fa fa-check thim-primary-color\"><\/i>Gondozott kert<\/li>\n<\/ul>\n<p>[\/vc_column_text][\/vc_column_inner][\/vc_row_inner][vc_row_inner css=&#8221;.vc_custom_1475570441500{margin-bottom: 65px !important;padding-top: 15px !important;}&#8221;][vc_column_inner width=&#8221;1\/3&#8243;][vc_single_image image=&#8221;4500&#8243; img_size=&#8221;370&#215;300&#8243; alignment=&#8221;center&#8221;][\/vc_column_inner][vc_column_inner width=&#8221;1\/3&#8243;][vc_single_image image=&#8221;4512&#8243; img_size=&#8221;370&#215;300&#8243; alignment=&#8221;center&#8221;][\/vc_column_inner][vc_column_inner width=&#8221;1\/3&#8243;][vc_single_image image=&#8221;4492&#8243; img_size=&#8221;370&#215;300&#8243; alignment=&#8221;center&#8221;][\/vc_column_inner][\/vc_row_inner][\/vc_column][\/vc_row][vc_row][vc_column][vc_column_text el_class=&#8221;line-height-normal&#8221;]<span style=\"font-size: 14pt;\">Minden szob\u00e1nk saj\u00e1t f\u00fcrd\u0151szob\u00e1val rendelkezik, a szob\u00e1kban s\u00edkk\u00e9perny\u0151s telev\u00edzi\u00f3, gardr\u00f3bszekr\u00e9ny, \u00edr\u00f3asztal, red\u0151ny, l\u00e9gkondicion\u00e1l\u00f3 berendez\u00e9s, hajsz\u00e1r\u00edt\u00f3 \u00e9s WI-FI \u00e1ll a vend\u00e9gek rendelkez\u00e9s\u00e9re.<\/span>[\/vc_column_text][\/vc_column][\/vc_row][vc_row][vc_column]\n\t<div class=\"thim-sc-heading  \" >\n\t\t<div class=\"article_heading \">\n\t\t\t<p class=\"heading_primary\"  >FEDEZZE FEL<\/p>\n\t\t\t<h3  class=\"heading_secondary\">SZOB\u00c1INKAT<\/h3>\n\t\t\t \n\t\t\t\n\t\t<\/div>\n\t<\/div><div class=\"thim-sc-hb-rooms style-1  wpb_animate_when_almost_visible wpb_appear \"><div class=\"link-to-rooms\"><\/div><div class=\"row rooms tp-hotel-booking hb-catalog-column-10 style-1\">\n<div id=\"room-4069\" class=\"col-xs-12 col-md-4 post-4069 hb_room type-hb_room status-publish has-post-thumbnail hentry hb_room_type-2-guests hb_room_type-balkony hb_room_type-double-bed\">\n\n\t\n\t<div class=\"summary entry-summary\">\n\n\t\t<img src=\"https:\/\/easy-suites.com\/wp-content\/uploads\/2019\/07\/Easy-Hotel-heviz-2agyas-szoba-370x300.jpg\" width=\"370\" height=\"300\" alt=\"easy suites h\u00e9v\u00edz k\u00e9t\u00e1gyas szoba\"\/>\t\t<div class=\"content\">\n\t\t\t<h3 class=\"title\"><a href=\"https:\/\/easy-suites.com\/en\/rooms\/double-room-with-balcony\/\">\n\t\tDouble room with balcony\t\t\t<\/a><\/h3>\n\n<div class=\"room-types\"><a href=\"https:\/\/easy-suites.com\/en\/room-type\/2-guests\/\" rel=\"tag\">2 guests<\/a><span class=\"sep\"><\/span><a href=\"https:\/\/easy-suites.com\/en\/room-type\/balkony\/\" rel=\"tag\">Balkony<\/a><span class=\"sep\"><\/span><a href=\"https:\/\/easy-suites.com\/en\/room-type\/double-bed\/\" rel=\"tag\">Double bed<\/a><\/div>\t\t<div class=\"price\">\n\t\t<span class=\"title-price\">From:<\/span>\n\t\t\n\t\t\t<span class=\"price_value price_min\"><span class=\"woocommerce-Price-amount amount\"><bdi>46.000&nbsp;<span class=\"woocommerce-Price-currencySymbol\">&#70;&#116;<\/span><\/bdi><\/span><\/span>\n\n\t\t\t\t<span class=\"unit\">Night<\/span>\n\t<\/div>\n\n\t\n\t\t<\/div>\n\n\t<\/div><!-- .summary -->\n\n\t\n<\/div>\n\n\n<div id=\"room-4033\" class=\"col-xs-12 col-md-4 post-4033 hb_room type-hb_room status-publish has-post-thumbnail hentry hb_room_type-balkony hb_room_type-double-bed hb_room_type-sofa\">\n\n\t\n\t<div class=\"summary entry-summary\">\n\n\t\t<img src=\"https:\/\/easy-suites.com\/wp-content\/uploads\/2019\/07\/Easy-Hotel-heviz-apartman-370x300.jpg\" width=\"370\" height=\"300\" alt=\"csaladi szoba heviz easy suites\"\/>\t\t<div class=\"content\">\n\t\t\t<h3 class=\"title\"><a href=\"https:\/\/easy-suites.com\/en\/rooms\/family-room-with-balcony\/\">\n\t\tJunior Suite\t\t\t<\/a><\/h3>\n\n<div class=\"room-types\"><a href=\"https:\/\/easy-suites.com\/en\/room-type\/balkony\/\" rel=\"tag\">Balkony<\/a><span class=\"sep\"><\/span><a href=\"https:\/\/easy-suites.com\/en\/room-type\/double-bed\/\" rel=\"tag\">Double bed<\/a><span class=\"sep\"><\/span><a href=\"https:\/\/easy-suites.com\/en\/room-type\/sofa\/\" rel=\"tag\">Sofa<\/a><\/div>\t\t<div class=\"price\">\n\t\t<span class=\"title-price\">From:<\/span>\n\t\t\n\t\t\t<span class=\"price_value price_min\"><span class=\"woocommerce-Price-amount amount\"><bdi>79.000&nbsp;<span class=\"woocommerce-Price-currencySymbol\">&#70;&#116;<\/span><\/bdi><\/span><\/span>\n\n\t\t\t\t<span class=\"unit\">Night<\/span>\n\t<\/div>\n\n\t\n\t\t<\/div>\n\n\t<\/div><!-- .summary -->\n\n\t\n<\/div>\n\n\n<div id=\"room-4021\" class=\"col-xs-12 col-md-4 post-4021 hb_room type-hb_room status-publish has-post-thumbnail hentry hb_room_type-living-room hb_room_type-sofa\">\n\n\t\n\t<div class=\"summary entry-summary\">\n\n\t\t<img src=\"https:\/\/easy-suites.com\/wp-content\/uploads\/2019\/07\/Easy-Hotel-heviz-szoba-kanapeval-370x300.jpg\" width=\"370\" height=\"300\" alt=\"Easy-Hotel-heviz-szoba-kanapeval\"\/>\t\t<div class=\"content\">\n\t\t\t<h3 class=\"title\"><a href=\"https:\/\/easy-suites.com\/en\/rooms\/family-room\/\">\n\t\tFamily Suite\t\t\t<\/a><\/h3>\n\n<div class=\"room-types\"><a href=\"https:\/\/easy-suites.com\/en\/room-type\/living-room\/\" rel=\"tag\">Living room<\/a><span class=\"sep\"><\/span><a href=\"https:\/\/easy-suites.com\/en\/room-type\/sofa\/\" rel=\"tag\">Sofa<\/a><\/div>\t\t<div class=\"price\">\n\t\t<span class=\"title-price\">From:<\/span>\n\t\t\n\t\t\t<span class=\"price_value price_min\"><span class=\"woocommerce-Price-amount amount\"><bdi>85.000&nbsp;<span class=\"woocommerce-Price-currencySymbol\">&#70;&#116;<\/span><\/bdi><\/span><\/span>\n\n\t\t\t\t<span class=\"unit\">Night<\/span>\n\t<\/div>\n\n\t\n\t\t<\/div>\n\n\t<\/div><!-- .summary -->\n\n\t\n<\/div>\n\n<\/div><\/div>[\/vc_column][\/vc_row][vc_row][vc_column][vc_column_text el_class=&#8221;line-height-normal&#8221;]<\/p>\n<h2 style=\"text-align: center;\">H\u00e9v\u00edz, az \u00e9let forr\u00e1sa \u2013 eg\u00e9sz \u00e9vben<\/h2>\n<h3 style=\"text-align: center;\">\u2026\u00e9s \u0151sszel m\u00e9g csod\u00e1latosabb!<\/h3>\n<p>&nbsp;<\/p>\n<p style=\"text-align: center;\"><span style=\"font-size: 14pt;\">H\u00e9v\u00edzre az \u00e9v b\u00e1rmely szakasz\u00e1ban \u00e9rdemes ell\u00e1togatnia, hiszen a H\u00e9v\u00edzi-t\u00f3 meleg v\u00edz\u00e9ben b\u00e1rmikor f\u00fcrd\u0151zhet. Most \u00f6<\/span><span style=\"font-size: 14pt;\">sszegy\u0171jt\u00f6tt\u00fcnk n\u00e9h\u00e1ny \u00f6tletet, hogy <strong>mivel tegye felejthetetlenn\u00e9 \u00e9s \u00e9lm\u00e9nyd\u00fass\u00e1 h\u00e9v\u00edzi pihen\u00e9s\u00e9t \u0151sszel!<\/strong><\/span><\/p>\n<p style=\"text-align: center;\"><a href=\"https:\/\/easy-suites.com\/en\/?p=4960\"><strong><span style=\"font-size: 14pt;\"><span style=\"font-size: 18pt;\">Ismerje meg \u0151szi aj\u00e1nlatunkat <span style=\"color: #ddab5b;\">&gt;&gt;&gt;<\/span><\/span><\/span><\/strong><\/a><\/p>\n<p style=\"text-align: center;\">L<span style=\"font-size: 14pt;\">\u00e1togasson el hozz\u00e1nk, fedezze fel \u00faj h\u00e9v\u00edzi sz\u00e1ll\u00e1sunkat \u00e9s \u00e9lvezze H\u00e9v\u00edz csod\u00e1j\u00e1t \u0151sszel!<\/span><\/p>\n<h3 style=\"text-align: center;\"><span style=\"font-size: 18pt; color: #ddab5b;\"><strong>Foglaljon most bevezet\u0151 \u00e1ron sz\u00e1ll\u00e1shely\u00fcnkre \u00e9s \u00e9lvezze az \u0151szi nyugodt pihen\u00e9st H\u00e9v\u00edzen! <\/strong><\/span><\/h3>\n<p style=\"text-align: center;\"><strong><span style=\"font-size: 14pt;\">Szob\u00e1k k\u00e9tszem\u00e9lyes \u00e1ggyal, erk\u00e9llyel m\u00e1r 13.860 Ft-t\u00f3l<\/span> foglalhat\u00f3k!<\/strong><\/p>\n<p style=\"text-align: center;\">H\u00e9v\u00edzi sz\u00e1ll\u00e1sunkon OTP SZ\u00c9P K\u00e1rty\u00e1t is elfogadunk.<\/p>\n<p>[\/vc_column_text][\/vc_column][\/vc_row][vc_row][vc_column width=&#8221;1\/2&#8243;][vc_btn title=&#8221;Aj\u00e1nlatk\u00e9r\u00e9s&#8221; shape=&#8221;square&#8221; color=&#8221;white&#8221; align=&#8221;right&#8221; link=&#8221;url:%2Fajanlatkeres|||&#8221;][\/vc_column][vc_column width=&#8221;1\/2&#8243;][vc_btn title=&#8221;Online foglalas&#8221; shape=&#8221;square&#8221; color=&#8221;white&#8221; align=&#8221;left&#8221; link=&#8221;url:https%3A%2F%2Feasy-suites.com%2Fszobafoglalas%2F|||&#8221;][\/vc_column][\/vc_row][vc_row images=&#8221;4829,4833,4837,4831,4835,4827&#8243; img_size=&#8221;full&#8221; onclick=&#8221;link_no&#8221; custom_links_target=&#8221;_self&#8221; mode=&#8221;horizontal&#8221; speed=&#8221;5000&#8243; slides_per_view=&#8221;2&#8243; autoplay=&#8221;&#8221; hide_pagination_control=&#8221;yes&#8221; hide_prev_next_buttons=&#8221;&#8221; partial_view=&#8221;&#8221; wrap=&#8221;yes&#8221; title=&#8221;&#8221; custom_links=&#8221;&#8221;][vc_column][vc_images_carousel images=&#8221;4966,4968,3851,4963,4829,4997&#8243; img_size=&#8221;full&#8221; onclick=&#8221;link_no&#8221; slides_per_view=&#8221;2&#8243; hide_pagination_control=&#8221;yes&#8221; wrap=&#8221;yes&#8221;][\/vc_column][\/vc_row]<\/p>\n","protected":false},"excerpt":{"rendered":"<p>[vc_row full_width=&#8221;stretch_row_content_no_spaces&#8221;][vc_column][vc_single_image image=&#8221;5012&#8243; img_size=&#8221;full&#8221;][\/vc_column][\/vc_row][vc_row][vc_column][vc_empty_space height=&#8221;95px&#8221;][vc_empty_space height=&#8221;20px&#8221;][\/vc_column][\/vc_row][vc_row][vc_column][vc_column_text el_class=&#8221;line-height-normal&#8221;]H\u00e9v\u00edzen rengeteg sz\u00e1ll\u00e1shely v\u00e1rja a l\u00e1togat\u00f3kat \u00e9s b\u00fcszk\u00e9n tehetj\u00fck k\u00f6zz\u00e9, hogy most m\u00e1r az Easy Suites H\u00e9v\u00edz is az \u00d6n\u00f6k rendelkez\u00e9s\u00e9re \u00e1ll, kedves vend\u00e9geink. Szeretettel v\u00e1rjuk \u00d6n\u00f6ket \u00faj, modern, komfortos h\u00e9v\u00edzi sz\u00e1ll\u00e1shely\u00fcnk\u00f6n, ahol min\u0151s\u00e9gi szolg\u00e1ltat\u00e1sokkal tessz\u00fck teljess\u00e9 az \u00d6n\u00f6k pihen\u00e9s\u00e9t. A mi h\u00e9v\u00edzi sz\u00e1ll\u00e1shely\u00fcnk&#8230;<\/p>\n","protected":false},"author":45,"featured_media":0,"parent":0,"menu_order":0,"comment_status":"closed","ping_status":"closed","template":"templates\/home-page.php","meta":{"pgc_sgb_lightbox_settings":""},"_links":{"self":[{"href":"https:\/\/easy-suites.com\/en\/wp-json\/wp\/v2\/pages\/4962"}],"collection":[{"href":"https:\/\/easy-suites.com\/en\/wp-json\/wp\/v2\/pages"}],"about":[{"href":"https:\/\/easy-suites.com\/en\/wp-json\/wp\/v2\/types\/page"}],"author":[{"embeddable":true,"href":"https:\/\/easy-suites.com\/en\/wp-json\/wp\/v2\/users\/45"}],"replies":[{"embeddable":true,"href":"https:\/\/easy-suites.com\/en\/wp-json\/wp\/v2\/comments?post=4962"}],"version-history":[{"count":1,"href":"https:\/\/easy-suites.com\/en\/wp-json\/wp\/v2\/pages\/4962\/revisions"}],"predecessor-version":[{"id":7096,"href":"https:\/\/easy-suites.com\/en\/wp-json\/wp\/v2\/pages\/4962\/revisions\/7096"}],"wp:attachment":[{"href":"https:\/\/easy-suites.com\/en\/wp-json\/wp\/v2\/media?parent=4962"}],"curies":[{"name":"wp","href":"https:\/\/api.w.org\/{rel}","templated":true}]}}